{"id":1351,"date":"2025-05-22T11:06:27","date_gmt":"2025-05-22T11:06:27","guid":{"rendered":"https:\/\/almameraki.com\/servicios\/terapias-de-reduccion-de-peso-y-modelacion-de-la-figura\/"},"modified":"2025-09-26T00:22:12","modified_gmt":"2025-09-26T00:22:12","slug":"terapias-de-reduccion-de-peso-y-modelacion-de-la-figura","status":"publish","type":"page","link":"https:\/\/almameraki.com\/en\/servicios\/terapias-de-reduccion-de-peso-y-modelacion-de-la-figura\/","title":{"rendered":"Terapias de reducci\u00f3n de peso y modelaci\u00f3n de la figura"},"content":{"rendered":"<section class=\"header_15_1\" id=\"\" style=\"background-image:url('https:\/\/almameraki.com\/wp-content\/uploads\/2025\/05\/alma-meraki-2-scaled.jpg');\"\r\n    aria-label=\"Masaje reductor para eliminar celulitis y grasa\" data-block-id=\"69e170ee9cf4d69e170ee9cf4e\" data-block-name=\"acf\/header-15-1\" data-post-id=\"1351\" data-stable-id=\"block_ad616422dfe7ba6ce2813f7c80ec5732\">\r\n    <div class=\"mask\"><\/div>\r\n    <div class=\"container\" data-aos=\"fade-up\">\r\n        <div class=\"row\">\r\n            <div class=\"col \">\r\n                                <h1 class=\"tamano2 color-2-headings-light\"><span style=\"color: white\">Terapias de reducci\u00f3n de peso y modelaci\u00f3n de la figura<\/span><\/h1>\r\n                                            <\/div>\r\n        <\/div>\r\n    <\/div>\r\n<\/section>\r\n<style>\r\n    .header_15_1 .col {\r\n        max-width: 895px;\r\n    }\r\n\r\n    .header_15_1 .mask {\r\n        \/* background: rgba(255, 255, 255, 0.50); *\/\r\n        background: rgba(18, 18, 18, 0.50);\r\n        position: absolute;\r\n        top: 0;\r\n        left: 0;\r\n        width: 100%;\r\n        height: 100%;\r\n    }\r\n\r\n    .header_15_1 h1 {\r\n        padding-bottom: 25px;\r\n    }\r\n\r\n    .header_15_1 {\r\n        position: relative;\r\n        min-height: 500px;\r\n        background-position: center;\r\n        background-repeat: no-repeat;\r\n        background-size: cover;\r\n        padding: 150px 0;\r\n        display: flex;\r\n        align-items: center;\r\n        padding-top: 195px\r\n    }\r\n\r\n    .header_15_1-center {\r\n        text-align: center;\r\n        margin: 0 auto;\r\n    }\r\n\r\n    @media (max-width:992px) {\r\n        .header_15_1 {\r\n            padding: 100px 0;\r\n            min-height: auto;\r\n        }\r\n    }\r\n\r\n    @media (max-width:768px) {\r\n        .header_15_1 h1 {\r\n            line-height: var(--tamano3-line-height);\r\n        }\r\n    }\r\n<\/style>\r\n\n<pre class=\"wp-block-preformatted\">.<\/pre>\n<section class=\"services_20_1 background-1-light\" id=\"\" data-block-id=\"69e170ee9eea969e170ee9eeaa\" data-block-name=\"acf\/services-20-1\" data-post-id=\"1351\" data-stable-id=\"block_f7617aa6c7ca7810876420f77df53987\">\r\n    <div class=\"container-full\">\r\n        <div class=\"row\">\r\n            <div class=\"col col-top\" data-aos=\"fade-up\">\r\n                                <h2 class=\"color-1-headings-dark tamano2\"><span class=\"ez-toc-section\" id=\"Ofrecemos\"><\/span>Ofrecemos<span class=\"ez-toc-section-end\"><\/span><\/h2>\r\n                            <\/div>\r\n        <\/div>\r\n        <div class=\"row row-servicios\">\r\n            <div class=\"col col-servicios\">\r\n\r\n                                                                                                            <div class=\"servicio-item\" data-aos=\"fade-up\">\r\n                                                        <div class=\"left\" style=\"background-image:url('https:\/\/almameraki.com\/wp-content\/uploads\/2025\/08\/pexels-koolshooters-6628611-scaled.jpg');\"\r\n                                aria-label=\"Combina acupuntura, electrolip\u00f3lisis y masajes\">\r\n\r\n                            <\/div>\r\n                                                        <div class=\"meta background-1-light\">\r\n                                <div class=\"top\">\r\n                                                                        <h3 class=\"tamano4 color-1-headings-dark\">Masaje Reductor<\/h3>\r\n                                                                                                            <div class=\"texto tamano7 color-1-headings-dark\"><p>Tratamiento personalizado que utiliza diferentes t\u00e9cnicas para la liberaci\u00f3n de toxinas, l\u00edquidos y grasa corporal para reducir medidas corporales y eliminar la celulitis.<br \/>\n<strong>Precio Sesi\u00f3n 70\u20ac MASAIES REDUCTORES Pack 10 Sesiones 650\u20ac<\/strong><\/p>\n<\/div>\r\n                                                                    <\/div>\r\n                                                                <a href=\"https:\/\/wa.me\/message\/G3QEPFW2S67IJ1\" target=\"\" class=\"btn-round tamano-7-mediumcta color-boton-2-texto-normal color-boton-2-texto-hover color-boton-2-normal color-boton-2-hover\">\r\n    \r\n    <span>Reservar ahora<\/span>\r\n<\/a>\r\n\r\n<style>\r\n    .btn-border-rounded {\r\n        border-radius: 12px !important;\r\n    }\r\n\r\n    .btn-border-square {\r\n        border-radius: 0 !important;\r\n    }\r\n\r\n    \/* Estilos de hover *\/\r\n    .btn-hover-hover1:hover {\r\n        filter: contrast(0.55);\r\n    }\r\n\r\n    .btn-hover-hover2:hover {\r\n        filter: sepia(2);\r\n    }\r\n\r\n    \/* Estilos del icono cuando existe *\/\r\n    a i {\r\n        margin-right: 8px;\r\n        font-size: 16px;\r\n    }\r\n\r\n    \/* Icono Lucide *\/\r\n    .btn-icon--lucide {\r\n        display: inline-flex;\r\n        align-items: center;\r\n        justify-content: center;\r\n        margin-right: 8px;\r\n    }\r\n\r\n    .btn-icon--lucide svg {\r\n        width: 16px;\r\n        height: 16px;\r\n        display: block;\r\n    }\r\n<\/style>\r\n                                                            <\/div>\r\n                        <\/div>\r\n                                                                        <div class=\"servicio-item\" data-aos=\"fade-up\">\r\n                                                        <div class=\"left\" style=\"background-image:url('https:\/\/almameraki.com\/wp-content\/uploads\/2025\/08\/pexels-jonathanborba-19641830-scaled.jpg');\"\r\n                                aria-label=\"Reserva sesiones de terapias modeladoras\">\r\n\r\n                            <\/div>\r\n                                                        <div class=\"meta background-1-light\">\r\n                                <div class=\"top\">\r\n                                                                        <h3 class=\"tamano4 color-1-headings-dark\">Pack Remodela<\/h3>\r\n                                                                                                            <div class=\"texto tamano7 color-1-headings-dark\"><p>Con la combinaci\u00f3n de la acupuntura, electrolip\u00f3lisis y masaje reductor, para estimular la p\u00e9rdida de medidas en cada sesi\u00f3n, fusionando tres terapias contribuyen a modelar la figura y combatir el tejido adiposo abdominal resistente. Adem\u00e1s de contribuir a la tonificaci\u00f3n, suavizar las estr\u00edas y el tejido cicatricial existente. Este pack se centra en modelar \u00fanicamente la regi\u00f3n abdominal, la circunferencia de la cintura y espalda.<br \/>\n<strong>Sesi\u00f3n 100\u20ac Pack 10 Sesiones 950 \u20ac<\/strong><\/p>\n<\/div>\r\n                                                                    <\/div>\r\n                                                                <a href=\"https:\/\/wa.me\/message\/G3QEPFW2S67IJ1\" target=\"\" class=\"btn-round tamano-7-mediumcta color-boton-2-texto-normal color-boton-2-texto-hover color-boton-2-normal color-boton-2-hover\">\r\n    \r\n    <span>Reservar ahora<\/span>\r\n<\/a>\r\n\r\n<style>\r\n    .btn-border-rounded {\r\n        border-radius: 12px !important;\r\n    }\r\n\r\n    .btn-border-square {\r\n        border-radius: 0 !important;\r\n    }\r\n\r\n    \/* Estilos de hover *\/\r\n    .btn-hover-hover1:hover {\r\n        filter: contrast(0.55);\r\n    }\r\n\r\n    .btn-hover-hover2:hover {\r\n        filter: sepia(2);\r\n    }\r\n\r\n    \/* Estilos del icono cuando existe *\/\r\n    a i {\r\n        margin-right: 8px;\r\n        font-size: 16px;\r\n    }\r\n\r\n    \/* Icono Lucide *\/\r\n    .btn-icon--lucide {\r\n        display: inline-flex;\r\n        align-items: center;\r\n        justify-content: center;\r\n        margin-right: 8px;\r\n    }\r\n\r\n    .btn-icon--lucide svg {\r\n        width: 16px;\r\n        height: 16px;\r\n        display: block;\r\n    }\r\n<\/style>\r\n                                                            <\/div>\r\n                        <\/div>\r\n                                                                        <\/div>\r\n        <\/div>\r\n            <\/div>\r\n<\/section>\r\n<style>\r\n    .services_20_1 .btn-round {\r\n        border-radius: 60px;\r\n        padding: 12px 25px;\r\n        display: inline-block;\r\n        margin-top: 30px;\r\n        min-width: 175px;\r\n        text-align: center;\r\n        transition: all ease .3s;\r\n        text-decoration: none;\r\n    }\r\n\r\n    .services_20_1 .row-cta {\r\n        text-align: center;\r\n        margin-top: 50px;\r\n    }\r\n\r\n    .services_20_1 .servicio-item .texto *:last-child {\r\n        padding-bottom: 0;\r\n    }\r\n\r\n    .services_20_1 .servicio-item .texto ul,\r\n    .services_20_1 .servicio-item .texto ol {\r\n        padding-left: 20px;\r\n    }\r\n\r\n    .services_20_1 .servicio-item .texto>* {\r\n        padding-bottom: 20px;\r\n    }\r\n\r\n    .services_20_1 .servicio-item .meta {\r\n        width: 50%;\r\n        padding: 0 70px;\r\n        display: flex;\r\n        flex-direction: column;\r\n        align-items: flex-start;\r\n        justify-content: center;\r\n        padding-left: 9%;\r\n    }\r\n\r\n    .services_20_1 .servicio-item .left {\r\n        width: 50%;\r\n        background-position: center;\r\n        background-repeat: no-repeat;\r\n        background-size: cover;\r\n    }\r\n\r\n    .services_20_1 .servicio-item .left.video {\r\n        position: relative;\r\n        overflow: hidden;\r\n    }\r\n\r\n    .services_20_1 .servicio-item .left.video iframe {\r\n        width: 100%;\r\n        height: 100%;\r\n        position: absolute;\r\n        top: 0;\r\n        left: 0;\r\n        border: none;\r\n    }\r\n\r\n    .services_20_1 .servicio-item:nth-child(even) .meta {\r\n        background-color: var(--background-1-dark);\r\n    }\r\n\r\n    .services_20_1 .servicio-item:nth-child(even) .btn-round:hover {\r\n        background: var(--color-boton-3-hover);\r\n        color: var(--color-boton-3-texto-hover);\r\n    }\r\n\r\n    .services_20_1 .servicio-item:nth-child(even) .btn-round {\r\n        background: var(--color-boton-3-normal);\r\n        color: var(--color-boton-3-texto-normal);\r\n    }\r\n\r\n    .services_20_1 .servicio-item:nth-child(even) .meta .texto * {\r\n        color: var(--color-2-body-light);\r\n    }\r\n\r\n    .services_20_1 .servicio-item:nth-child(even) .meta h3 {\r\n        color: var(--color-2-headings-light);\r\n    }\r\n\r\n    .services_20_1 .servicio-item:nth-child(odd) .meta h3 {\r\n        color: var(--color-1-headings-dark);\r\n    }\r\n\r\n    .services_20_1 .servicio-item:nth-child(odd) .meta .texto {\r\n        color: var(--color-1-body-dark)\r\n    }\r\n\r\n    \/*\r\n    .services_20_1 .servicio-item:nth-child(odd) .meta .btn-round {\r\n        background-color: var(--color-boton-1-normal);\r\n        color: var(--color-boton-1-texto-normal);\r\n    }*\/\r\n\r\n    .services_20_1 .servicio-item:nth-child(even) {\r\n        flex-direction: row-reverse;\r\n    }\r\n\r\n    .services_20_1 .col-servicios {\r\n        display: flex;\r\n        flex-direction: column;\r\n    }\r\n\r\n    .services_20_1 .servicio-item h3 {\r\n        padding-bottom: 30px;\r\n    }\r\n\r\n    .services_20_1 .servicio-item {\r\n        border-radius: 3px;\r\n        display: flex;\r\n        min-height: 673px;\r\n    }\r\n\r\n    .services_20_1 {\r\n        padding: 80px 0;\r\n    }\r\n\r\n    .services_20_1 .container {\r\n        padding: 0 !important;\r\n        max-width: 100%;\r\n    }\r\n\r\n    .services_20_1 h2 {\r\n        padding-bottom: 50px;\r\n        text-align: center;\r\n    }\r\n\r\n    .services_20_1 .row-cta {\r\n        padding-bottom: 80px;\r\n    }\r\n\r\n    .services_20_1 .row-cta a {\r\n        margin-top: 0;\r\n    }\r\n\r\n    @media (max-width:1200px) {\r\n        .services_20_1 .servicio-item {\r\n            min-height: auto;\r\n        }\r\n\r\n        .services_20_1 .servicio-item .meta {\r\n            padding: 35px;\r\n        }\r\n    }\r\n\r\n    @media (max-width:992px) {\r\n        .services_20_1 .row-cta {\r\n            padding-bottom: 40px;\r\n        }\r\n\r\n        .services_20_1 .servicio-item .left {\r\n            height: 300px;\r\n            width: 100%;\r\n            display: block;\r\n        }\r\n\r\n        .services_20_1 .servicio-item:nth-child(even),\r\n        .services_20_1 .servicio-item {\r\n            flex-direction: column;\r\n        }\r\n\r\n        .services_20_1 .servicio-item .meta {\r\n            padding: 20px 20px 35px;\r\n            width: 100%;\r\n        }\r\n\r\n        .services_20_1 h2 {\r\n            padding-bottom: 35px;\r\n        }\r\n\r\n        .services_20_1 {\r\n            padding: 40px 0;\r\n        }\r\n    }\r\n\r\n    @media (max-width:768px) {\r\n        .services_20_1 {\r\n            overflow: hidden;\r\n        }\r\n    }\r\n<\/style>\r\n<section class=\"cta_curvy1_3_2_2 background-1-dark\" id=\"\" data-block-id=\"69e170eea47a169e170eea47a3\" data-block-name=\"acf\/cta-curvy1-3-2-2\" data-post-id=\"1351\" data-stable-id=\"block_52cc0b0be548c5e9409e384ac865d3eb\">\r\n    <div class=\"container\">\r\n        <div class=\"row\">\r\n            <div class=\"col\">\r\n                <div class=\"inner background-1-light\">\r\n                                        <div class=\"titulo\">\r\n                        <h2 class=\"tamano3 color-1-headings-dark\"><span class=\"ez-toc-section\" id=\"%C2%BFDeseas_reservar_una_o_mas_sesiones\"><\/span>\u00bfDeseas reservar una o m\u00e1s sesiones?<span class=\"ez-toc-section-end\"><\/span><\/h2>\r\n                    <\/div>\r\n                                                            <div class=\"texto color-1-body-dark tamano7\"><p>Escr\u00edbenos por WhatsApp para resolver todas tus dudas sobre nuestros servicios.<\/p>\n<\/div>\r\n                    \r\n                                            <div class=\"ctas\">\r\n                                                            <a href=\"https:\/\/wa.me\/+34622428543\" target=\"\" class=\"btn-round tamano-7-mediumcta color-boton-1-texto-normal color-boton-1-texto-hover color-boton-1-normal color-boton-1-hover\">\r\n    \r\n    <span>Cont\u00e1ctanos<\/span>\r\n<\/a>\r\n\r\n<style>\r\n    .btn-border-rounded {\r\n        border-radius: 12px !important;\r\n    }\r\n\r\n    .btn-border-square {\r\n        border-radius: 0 !important;\r\n    }\r\n\r\n    \/* Estilos de hover *\/\r\n    .btn-hover-hover1:hover {\r\n        filter: contrast(0.55);\r\n    }\r\n\r\n    .btn-hover-hover2:hover {\r\n        filter: sepia(2);\r\n    }\r\n\r\n    \/* Estilos del icono cuando existe *\/\r\n    a i {\r\n        margin-right: 8px;\r\n        font-size: 16px;\r\n    }\r\n\r\n    \/* Icono Lucide *\/\r\n    .btn-icon--lucide {\r\n        display: inline-flex;\r\n        align-items: center;\r\n        justify-content: center;\r\n        margin-right: 8px;\r\n    }\r\n\r\n    .btn-icon--lucide svg {\r\n        width: 16px;\r\n        height: 16px;\r\n        display: block;\r\n    }\r\n<\/style>\r\n                                                    <\/div>\r\n                                    <\/div>\r\n            <\/div>\r\n        <\/div>\r\n    <\/div>\r\n<\/section>\r\n<style>\r\n    .cta_curvy1_3_2_2 .inner {\r\n        display: flex;\r\n        gap: 30px;\r\n        border-radius: 30px;\r\n        align-items: center;\r\n        padding: 55px 150px;\r\n        justify-content: space-between;\r\n    }\r\n\r\n     .cta_curvy1_3_2_2 .titulo {\r\n        max-width: 430px;\r\n        width: 100%;\r\n    }\r\n\r\n    .cta_curvy1_3_2_2 .texto {\r\n        max-width: 660px;\r\n        text-align: left;\r\n        width: 100%;\r\n    }\r\n\r\n    .cta_curvy1_3_2_2 {\r\n        padding: 80px 0;\r\n        position: relative;\r\n    }\r\n\r\n    .cta_curvy1_3_2_2 .btn-round {\r\n        border-radius: 60px;\r\n        padding: 15px 30px;\r\n        display: inline-block;\r\n        text-align: center;\r\n        transition: all ease .3s;\r\n        text-decoration: none;\r\n        min-width: 278px;\r\n        display: flex;\r\n        align-items: center;\r\n        justify-content: center;\r\n    }\r\n\r\n    @media (max-width:1750px) {\r\n        .cta_curvy1_3_2_2 .texto {\r\n            max-width: 500px;\r\n        }\r\n    }\r\n\r\n    @media (max-width:1600px) {\r\n        .cta_curvy1_3_2_2 .inner {\r\n            padding-left: 50px;\r\n            padding-right: 50px;\r\n        }\r\n    }\r\n\r\n    @media (max-width:1400px) {\r\n        .cta_curvy1_3_2_2 .texto {\r\n            max-width: 100%;\r\n        }\r\n\r\n        .cta_curvy1_3_2_2 .titulo {\r\n            width: 100%;\r\n        }\r\n    }\r\n\r\n    @media (max-width:1200px) {\r\n        .cta_curvy1_3_2_2 .inner {\r\n            padding-left: 15px;\r\n            padding-right: 15px;\r\n        }\r\n    }\r\n\r\n    @media (max-width:992px) {\r\n        .cta_curvy1_3_2_2 .col .inner {\r\n            border-radius: 30px;\r\n            flex-direction: column;\r\n            align-items: center;\r\n            justify-content: center;\r\n        }\r\n\r\n         .cta_curvy1_3_2_2 .col .inner>* {\r\n            width: 100%;\r\n            max-width: 100%;\r\n            text-align: center;\r\n        }\r\n\r\n        .cta_curvy1_3_2_2 .col .ctas {\r\n            display: flex;\r\n            align-items: center;\r\n            justify-content: center;\r\n        }\r\n\r\n        .cta_curvy1_3_2_2 .col {\r\n            flex-direction: column;\r\n            justify-content: center;\r\n            align-items: center;\r\n        }\r\n\r\n        .cta_curvy1_3_2_2 {\r\n            padding: 40px 0;\r\n        }\r\n    }\r\n<\/style>\r\n\n<p><\/p>\n","protected":false},"excerpt":{"rendered":"<p>.<\/p>\n","protected":false},"author":1,"featured_media":1272,"parent":285,"menu_order":0,"comment_status":"open","ping_status":"closed","template":"","meta":{"_acf_changed":false,"iawp_total_views":0,"footnotes":""},"class_list":["post-1351","page","type-page","status-publish","has-post-thumbnail","hentry"],"acf":[],"yoast_head":"<!-- This site is optimized with the Yoast SEO plugin v27.4 - https:\/\/yoast.com\/product\/yoast-seo-wordpress\/ -->\n<title>Terapias de Figura en Alma Meraki<\/title>\n<meta name=\"description\" content=\"Descubre nuestras terapias para reducci\u00f3n de peso y modelaci\u00f3n de figura. Aprovecha el masaje reductor y el Pack Remodela para lograr resultados efectivos.\" \/>\n<meta name=\"robots\" content=\"index, follow, max-snippet:-1, max-image-preview:large, max-video-preview:-1\" \/>\n<link rel=\"canonical\" href=\"https:\/\/almameraki.com\/en\/servicios\/terapias-de-reduccion-de-peso-y-modelacion-de-la-figura\/\" \/>\n<meta property=\"og:locale\" content=\"en_US\" \/>\n<meta property=\"og:type\" content=\"article\" \/>\n<meta property=\"og:title\" content=\"Terapias de Figura en Alma Meraki\" \/>\n<meta property=\"og:description\" content=\"Descubre nuestras terapias para reducci\u00f3n de peso y modelaci\u00f3n de figura. Aprovecha el masaje reductor y el Pack Remodela para lograr resultados efectivos.\" \/>\n<meta property=\"og:url\" content=\"https:\/\/almameraki.com\/en\/servicios\/terapias-de-reduccion-de-peso-y-modelacion-de-la-figura\/\" \/>\n<meta property=\"og:site_name\" content=\"Alma Meraki\" \/>\n<meta property=\"article:modified_time\" content=\"2025-09-26T00:22:12+00:00\" \/>\n<meta property=\"og:image\" content=\"https:\/\/almameraki.com\/wp-content\/uploads\/2025\/05\/alma-meraki-2-scaled.jpg\" \/>\n\t<meta property=\"og:image:width\" content=\"2560\" \/>\n\t<meta property=\"og:image:height\" content=\"1707\" \/>\n\t<meta property=\"og:image:type\" content=\"image\/jpeg\" \/>\n<meta name=\"twitter:card\" content=\"summary_large_image\" \/>\n<!-- \/ Yoast SEO plugin. -->","yoast_head_json":{"title":"Terapias de Figura en Alma Meraki","description":"Descubre nuestras terapias para reducci\u00f3n de peso y modelaci\u00f3n de figura. Aprovecha el masaje reductor y el Pack Remodela para lograr resultados efectivos.","robots":{"index":"index","follow":"follow","max-snippet":"max-snippet:-1","max-image-preview":"max-image-preview:large","max-video-preview":"max-video-preview:-1"},"canonical":"https:\/\/almameraki.com\/en\/servicios\/terapias-de-reduccion-de-peso-y-modelacion-de-la-figura\/","og_locale":"en_US","og_type":"article","og_title":"Terapias de Figura en Alma Meraki","og_description":"Descubre nuestras terapias para reducci\u00f3n de peso y modelaci\u00f3n de figura. Aprovecha el masaje reductor y el Pack Remodela para lograr resultados efectivos.","og_url":"https:\/\/almameraki.com\/en\/servicios\/terapias-de-reduccion-de-peso-y-modelacion-de-la-figura\/","og_site_name":"Alma Meraki","article_modified_time":"2025-09-26T00:22:12+00:00","og_image":[{"width":2560,"height":1707,"url":"https:\/\/almameraki.com\/wp-content\/uploads\/2025\/05\/alma-meraki-2-scaled.jpg","type":"image\/jpeg"}],"twitter_card":"summary_large_image","schema":{"@context":"https:\/\/schema.org","@graph":[{"@type":"WebPage","@id":"https:\/\/almameraki.com\/en\/servicios\/terapias-de-reduccion-de-peso-y-modelacion-de-la-figura\/","url":"https:\/\/almameraki.com\/en\/servicios\/terapias-de-reduccion-de-peso-y-modelacion-de-la-figura\/","name":"Terapias de Figura en Alma Meraki","isPartOf":{"@id":"https:\/\/almameraki.com\/en\/#website"},"primaryImageOfPage":{"@id":"https:\/\/almameraki.com\/en\/servicios\/terapias-de-reduccion-de-peso-y-modelacion-de-la-figura\/#primaryimage"},"image":{"@id":"https:\/\/almameraki.com\/en\/servicios\/terapias-de-reduccion-de-peso-y-modelacion-de-la-figura\/#primaryimage"},"thumbnailUrl":"https:\/\/almameraki.com\/wp-content\/uploads\/2025\/05\/alma-meraki-2-scaled.jpg","datePublished":"2025-05-22T11:06:27+00:00","dateModified":"2025-09-26T00:22:12+00:00","description":"Descubre nuestras terapias para reducci\u00f3n de peso y modelaci\u00f3n de figura. Aprovecha el masaje reductor y el Pack Remodela para lograr resultados efectivos.","breadcrumb":{"@id":"https:\/\/almameraki.com\/en\/servicios\/terapias-de-reduccion-de-peso-y-modelacion-de-la-figura\/#breadcrumb"},"inLanguage":"en-US","potentialAction":[{"@type":"ReadAction","target":["https:\/\/almameraki.com\/en\/servicios\/terapias-de-reduccion-de-peso-y-modelacion-de-la-figura\/"]}]},{"@type":"ImageObject","inLanguage":"en-US","@id":"https:\/\/almameraki.com\/en\/servicios\/terapias-de-reduccion-de-peso-y-modelacion-de-la-figura\/#primaryimage","url":"https:\/\/almameraki.com\/wp-content\/uploads\/2025\/05\/alma-meraki-2-scaled.jpg","contentUrl":"https:\/\/almameraki.com\/wp-content\/uploads\/2025\/05\/alma-meraki-2-scaled.jpg","width":2560,"height":1707},{"@type":"BreadcrumbList","@id":"https:\/\/almameraki.com\/en\/servicios\/terapias-de-reduccion-de-peso-y-modelacion-de-la-figura\/#breadcrumb","itemListElement":[{"@type":"ListItem","position":1,"name":"Portada","item":"https:\/\/almameraki.com\/en\/"},{"@type":"ListItem","position":2,"name":"Servicios","item":"https:\/\/almameraki.com\/en\/servicios\/"},{"@type":"ListItem","position":3,"name":"Terapias de reducci\u00f3n de peso y modelaci\u00f3n de la figura"}]},{"@type":"WebSite","@id":"https:\/\/almameraki.com\/en\/#website","url":"https:\/\/almameraki.com\/en\/","name":"Alma Meraki","description":"","publisher":{"@id":"https:\/\/almameraki.com\/en\/#organization"},"potentialAction":[{"@type":"SearchAction","target":{"@type":"EntryPoint","urlTemplate":"https:\/\/almameraki.com\/en\/?s={search_term_string}"},"query-input":{"@type":"PropertyValueSpecification","valueRequired":true,"valueName":"search_term_string"}}],"inLanguage":"en-US"},{"@type":"Organization","@id":"https:\/\/almameraki.com\/en\/#organization","name":"Alma Meraki","url":"https:\/\/almameraki.com\/en\/","logo":{"@type":"ImageObject","inLanguage":"en-US","@id":"https:\/\/almameraki.com\/en\/#\/schema\/logo\/image\/","url":"https:\/\/almameraki.com\/wp-content\/uploads\/2024\/06\/Sin-titulo-800-x-200-px.png","contentUrl":"https:\/\/almameraki.com\/wp-content\/uploads\/2024\/06\/Sin-titulo-800-x-200-px.png","width":800,"height":200,"caption":"Alma Meraki"},"image":{"@id":"https:\/\/almameraki.com\/en\/#\/schema\/logo\/image\/"}}]}},"_links":{"self":[{"href":"https:\/\/almameraki.com\/en\/wp-json\/wp\/v2\/pages\/1351","targetHints":{"allow":["GET"]}}],"collection":[{"href":"https:\/\/almameraki.com\/en\/wp-json\/wp\/v2\/pages"}],"about":[{"href":"https:\/\/almameraki.com\/en\/wp-json\/wp\/v2\/types\/page"}],"author":[{"embeddable":true,"href":"https:\/\/almameraki.com\/en\/wp-json\/wp\/v2\/users\/1"}],"replies":[{"embeddable":true,"href":"https:\/\/almameraki.com\/en\/wp-json\/wp\/v2\/comments?post=1351"}],"version-history":[{"count":5,"href":"https:\/\/almameraki.com\/en\/wp-json\/wp\/v2\/pages\/1351\/revisions"}],"predecessor-version":[{"id":1723,"href":"https:\/\/almameraki.com\/en\/wp-json\/wp\/v2\/pages\/1351\/revisions\/1723"}],"up":[{"embeddable":true,"href":"https:\/\/almameraki.com\/en\/wp-json\/wp\/v2\/pages\/285"}],"wp:featuredmedia":[{"embeddable":true,"href":"https:\/\/almameraki.com\/en\/wp-json\/wp\/v2\/media\/1272"}],"wp:attachment":[{"href":"https:\/\/almameraki.com\/en\/wp-json\/wp\/v2\/media?parent=1351"}],"curies":[{"name":"wp","href":"https:\/\/api.w.org\/{rel}","templated":true}]}}